{"id":60,"date":"2022-08-23T08:32:07","date_gmt":"2022-08-23T08:32:07","guid":{"rendered":"http:\/\/www.jarvari.fi\/?page_id=60"},"modified":"2026-04-07T08:00:35","modified_gmt":"2026-04-07T08:00:35","slug":"paasivu","status":"publish","type":"page","link":"http:\/\/www.jarvari.fi\/","title":{"rendered":"Ajankohtaista"},"content":{"rendered":"\t\t<div data-elementor-type=\"wp-page\" data-elementor-id=\"60\" class=\"elementor elementor-60\">\n\t\t\t\t\t\t<section class=\"elementor-section elementor-top-section elementor-element elementor-element-46e352e1 elementor-section-boxed elementor-section-height-default elementor-section-height-default\" data-id=\"46e352e1\" data-element_type=\"section\" data-e-type=\"section\">\n\t\t\t\t\t\t<div class=\"elementor-container elementor-column-gap-default\">\n\t\t\t\t\t<div class=\"elementor-column elementor-col-100 elementor-top-column elementor-element elementor-element-516021e7\" data-id=\"516021e7\" data-element_type=\"column\" data-e-type=\"column\">\n\t\t\t<div class=\"elementor-widget-wrap elementor-element-populated\">\n\t\t\t\t\t\t<div class=\"elementor-element elementor-element-64582d8e elementor-widget elementor-widget-text-editor\" data-id=\"64582d8e\" data-element_type=\"widget\" data-e-type=\"widget\" data-widget_type=\"text-editor.default\">\n\t\t\t\t<div class=\"elementor-widget-container\">\n\t\t\t\t\t\t\t\t\t<h1><strong>Kev\u00e4t 2026<\/strong><\/h1>\n<p><strong>Vuosien 2024 ja 2025 kisatuotot (n. 9000\u20ac) lahjoitettiin t\u00e4n\u00e4\u00e4n 7.4.2026 <span data-olk-copy-source=\"MessageBody\">Etel\u00e4- ja Keski-P\u00e4ij\u00e4nteen kalatalousalueen tilille P\u00e4ij\u00e4nteen j\u00e4rvilohi-istutuksiin. T\u00e4ll\u00e4 summalla saadaan t\u00e4n\u00e4 kev\u00e4\u00e4n\u00e4 v\u00e4h\u00e4n koosta riippuen noin 3000 kpl 2-vuotisia risteym\u00e4lohen poikasta P\u00e4ij\u00e4nteeseen.<\/span><\/strong><\/p>\n<h1>Syksy<strong> 2026<\/strong><\/h1>\n<p><strong>Vuoden 2026 kisa j\u00e4rjestet\u00e4\u00e4n 10.10.-11.10.2026 ja kisakeskuksena toimii silloinkin\u00a0 Padasjoen Laivarannassa sijaitseva <a href=\"https:\/\/www.palas.fi\/\" target=\"_blank\" rel=\"noopener\">Palas<\/a>.\u00a0<\/strong><\/p>\n<h1>Syksy<strong> 2025<\/strong><\/h1>\n<p><strong>Kilpailukeskuksena toimi\u00a0 Padasjoen Laivarannassa sijaitseva <a href=\"https:\/\/www.palas.fi\/\" target=\"_blank\" rel=\"noopener\">Palas<\/a>. Mukana oli 108 venekuntaa ja punnitukseen tuotiin 11 kisamitan t\u00e4ytt\u00e4v\u00e4\u00e4 lohikalaa.<\/strong><\/p>\n<h4><a href=\"https:\/\/www.kalakortti.com\/AJL2025SM\/tulokset\/Default.asp\">2025 Tulokset<\/a><\/h4>\n<div class=\"xdj266r x14z9mp xat24cr x1lziwak x1vvkbs x126k92a\">\u00a0<\/div>\n<h1>Syksy<strong> 2024<\/strong><\/h1>\n<p><strong>Kilpailukeskuksena toimi Padasjoen Laivarannassa sijaitseva <a href=\"https:\/\/www.palas.fi\/\" target=\"_blank\" rel=\"noopener\">Palas<\/a>. Mukana oli 121 venekuntaa ja punnitukseen tuotiin 31 kisamitan t\u00e4ytt\u00e4v\u00e4\u00e4 lohikalaa. <\/strong><\/p>\n<h4><a href=\"https:\/\/www.kalakortti.com\/JL2024\/TULOKSET\/\" target=\"_blank\" rel=\"noopener\">Tulokset 2024<\/a><\/h4>\n<div>\u00a0<\/div>\n<h1 style=\"font-family: Roboto, sans-serif; color: #7a7a7a;\">Syksy<span style=\"font-weight: bolder;\">\u00a02023<\/span><\/h1>\n<p><strong>Kilpailukeskuksena toimi Padasjoen Laivarannassa sijaitseva Palas. Mukana oli 85 venekuntaa ja punnitukseen tuotiin 19 kisamitan t\u00e4ytt\u00e4v\u00e4\u00e4 lohikalaa.<\/strong><\/p>\n<h4><a href=\"https:\/\/www.kalakortti.com\/JL2023\/Tulokset\/\" target=\"_blank\" rel=\"noopener\">Tulokset 2023<\/a><\/h4>\n<h1><strong>Kev\u00e4t 2023<\/strong><\/h1>\n<p><strong>Vuoden 2022 Padasjoen kisojen tuotto on p\u00e4\u00e4tetty lahjoittaa kokonaisuudessaan hybridij\u00e4rv\u00e4rien (Saimaan j\u00e4rvilohen (koiras) ja Nevan merilohen (naaras) risteym\u00e4) lis\u00e4istutuksiin kun 14.4.2023 selvisi ett\u00e4 poikasia oli viel\u00e4 runsaasti saatavilla.<\/strong><\/p>\n<p><strong>Kev\u00e4\u00e4n toukokuista kilpailua ei j\u00e4rjestet\u00e4 aikaisempien vuosin v\u00e4h\u00e4isen osanottajam\u00e4\u00e4r\u00e4n takia.<\/strong><\/p>\n<h1><strong>Syksy 2022<\/strong><\/h1>\n<p><strong>Kilpailukeskuksena toimi Padasjoen Laivarannassa sijaitseva Kiuasniemi Marina jossa on my\u00f6s veneenlaskuluiska ja traileriparkki.<\/strong><\/p>\n<p><!-- \/wp:paragraph --><!-- wp:paragraph --><\/p>\n<h4><a href=\"http:\/\/kisa.jarvari.fi\/tulokset_2022\/\" target=\"_blank\" rel=\"noopener\">Tulokset 2022<\/a><\/h4>\n<p><!-- \/wp:paragraph --><!-- wp:paragraph {\"textColor\":\"vivid-red\"} --><\/p>\n<p><!-- \/wp:paragraph --><!-- wp:paragraph --><\/p>\n<p><!-- \/wp:paragraph --><!-- wp:image {\"id\":100,\"sizeSlug\":\"full\",\"linkDestination\":\"none\"} --><\/p>\n<figure><\/figure>\n<p><!-- \/wp:image --><\/p>\t\t\t\t\t\t\t\t<\/div>\n\t\t\t\t<\/div>\n\t\t\t\t\t<\/div>\n\t\t<\/div>\n\t\t\t\t\t<\/div>\n\t\t<\/section>\n\t\t\t\t<\/div>\n\t\t","protected":false},"excerpt":{"rendered":"<p>Kev\u00e4t 2026 Vuosien 2024 ja 2025 kisatuotot (n. 9000\u20ac) lahjoitettiin t\u00e4n\u00e4\u00e4n 7.4.2026 Etel\u00e4- ja Keski-P\u00e4ij\u00e4nteen kalatalousalueen tilille P\u00e4ij\u00e4nteen j\u00e4rvilohi-istutuksiin. T\u00e4ll\u00e4 summalla saadaan t\u00e4n\u00e4 kev\u00e4\u00e4n\u00e4 v\u00e4h\u00e4n koosta riippuen noin 3000 kpl 2-vuotisia risteym\u00e4lohen poikasta P\u00e4ij\u00e4nteeseen. Syksy 2026 Vuoden 2026 kisa j\u00e4rjestet\u00e4\u00e4n 10.10.-11.10.2026 ja kisakeskuksena toimii silloinkin\u00a0 Padasjoen Laivarannassa sijaitseva Palas.\u00a0 Syksy 2025 Kilpailukeskuksena toimi\u00a0 Padasjoen Laivarannassa&hellip;&nbsp;<a href=\"http:\/\/www.jarvari.fi\/\" class=\"\" rel=\"bookmark\">Read More &raquo;<span class=\"screen-reader-text\">Ajankohtaista<\/span><\/a><\/p>\n","protected":false},"author":2,"featured_media":0,"parent":0,"menu_order":0,"comment_status":"closed","ping_status":"closed","template":"","meta":{"neve_meta_sidebar":"","neve_meta_container":"","neve_meta_enable_content_width":"","neve_meta_content_width":0,"neve_meta_title_alignment":"","neve_meta_author_avatar":"","neve_post_elements_order":"","neve_meta_disable_header":"","neve_meta_disable_footer":"","neve_meta_disable_title":"","footnotes":""},"class_list":["post-60","page","type-page","status-publish","hentry"],"_links":{"self":[{"href":"http:\/\/www.jarvari.fi\/index.php?rest_route=\/wp\/v2\/pages\/60","targetHints":{"allow":["GET"]}}],"collection":[{"href":"http:\/\/www.jarvari.fi\/index.php?rest_route=\/wp\/v2\/pages"}],"about":[{"href":"http:\/\/www.jarvari.fi\/index.php?rest_route=\/wp\/v2\/types\/page"}],"author":[{"embeddable":true,"href":"http:\/\/www.jarvari.fi\/index.php?rest_route=\/wp\/v2\/users\/2"}],"replies":[{"embeddable":true,"href":"http:\/\/www.jarvari.fi\/index.php?rest_route=%2Fwp%2Fv2%2Fcomments&post=60"}],"version-history":[{"count":187,"href":"http:\/\/www.jarvari.fi\/index.php?rest_route=\/wp\/v2\/pages\/60\/revisions"}],"predecessor-version":[{"id":961,"href":"http:\/\/www.jarvari.fi\/index.php?rest_route=\/wp\/v2\/pages\/60\/revisions\/961"}],"wp:attachment":[{"href":"http:\/\/www.jarvari.fi\/index.php?rest_route=%2Fwp%2Fv2%2Fmedia&parent=60"}],"curies":[{"name":"wp","href":"https:\/\/api.w.org\/{rel}","templated":true}]}}