{"id":420,"date":"2023-09-04T13:47:59","date_gmt":"2023-09-04T13:47:59","guid":{"rendered":"http:\/\/www.jarvari.fi\/?page_id=420"},"modified":"2025-08-22T14:26:02","modified_gmt":"2025-08-22T14:26:02","slug":"kisainfo-2023","status":"publish","type":"page","link":"http:\/\/www.jarvari.fi\/?page_id=420","title":{"rendered":"Info 2025"},"content":{"rendered":"<h4><strong>Palas aukioloajat kisaviikonloppuna:<\/strong><\/h4>\n<p><strong>10.10.2025 (perjantai):\u00a0 16-22<\/strong><\/p>\n<p><strong>11.10.2025 (lauantai): 12-22 (7-9 kahvilatuottein)<\/strong><\/p>\n<p><strong>12.10.2025 (sunnuntai): 12-17 (7-9 kahvilatuottein)<\/strong><\/p>\n<p><strong>Kisakeskuksen menuna: <\/strong><strong>Pizzat ja Burgerit<\/strong><\/p>\n<h4><strong>Venepaikkavaraukset &amp; ravintola Palas: <\/strong><strong>yritt\u00e4j\u00e4 Poolo Huttunen puh: 040-5402596<\/strong><\/h4>\n<h4><strong><em><span style=\"color: red;\">21.08.2025: Kisakeskuksessa ei ole kisaj\u00e4rjest\u00e4j\u00e4n puolesta\u00a0 t\u00e4kyj\u00e4 myynniss\u00e4. J\u00e4it\u00e4 on saatavilla.<\/span><\/em><\/strong><\/h4>\n<a href=\"http:\/\/www.jarvari.fi\/wp-content\/uploads\/2025\/08\/Jarvilohikalojen_avoin_SM_uistelu_2025_kilpailuINFO_1.pdf\" class=\"pdfemb-viewer\" style=\"\" data-width=\"max\" data-height=\"max\" data-toolbar=\"bottom\" data-toolbar-fixed=\"off\">J\u00e4rvilohikalojen_avoin_SM_uistelu_2025_kilpailuINFO.pdf<\/a>\n","protected":false},"excerpt":{"rendered":"<p>Palas aukioloajat kisaviikonloppuna: 10.10.2025 (perjantai):\u00a0 16-22 11.10.2025 (lauantai): 12-22 (7-9 kahvilatuottein) 12.10.2025 (sunnuntai): 12-17 (7-9 kahvilatuottein) Kisakeskuksen menuna: Pizzat ja Burgerit Venepaikkavaraukset &amp; ravintola Palas: yritt\u00e4j\u00e4 Poolo Huttunen puh: 040-5402596 21.08.2025: Kisakeskuksessa ei ole kisaj\u00e4rjest\u00e4j\u00e4n puolesta\u00a0 t\u00e4kyj\u00e4 myynniss\u00e4. J\u00e4it\u00e4 on saatavilla.<\/p>\n","protected":false},"author":1,"featured_media":0,"parent":0,"menu_order":0,"comment_status":"closed","ping_status":"closed","template":"","meta":{"neve_meta_sidebar":"","neve_meta_container":"","neve_meta_enable_content_width":"","neve_meta_content_width":0,"neve_meta_title_alignment":"","neve_meta_author_avatar":"","neve_post_elements_order":"","neve_meta_disable_header":"","neve_meta_disable_footer":"","neve_meta_disable_title":"","footnotes":""},"class_list":["post-420","page","type-page","status-publish","hentry"],"_links":{"self":[{"href":"http:\/\/www.jarvari.fi\/index.php?rest_route=\/wp\/v2\/pages\/420","targetHints":{"allow":["GET"]}}],"collection":[{"href":"http:\/\/www.jarvari.fi\/index.php?rest_route=\/wp\/v2\/pages"}],"about":[{"href":"http:\/\/www.jarvari.fi\/index.php?rest_route=\/wp\/v2\/types\/page"}],"author":[{"embeddable":true,"href":"http:\/\/www.jarvari.fi\/index.php?rest_route=\/wp\/v2\/users\/1"}],"replies":[{"embeddable":true,"href":"http:\/\/www.jarvari.fi\/index.php?rest_route=%2Fwp%2Fv2%2Fcomments&post=420"}],"version-history":[{"count":60,"href":"http:\/\/www.jarvari.fi\/index.php?rest_route=\/wp\/v2\/pages\/420\/revisions"}],"predecessor-version":[{"id":836,"href":"http:\/\/www.jarvari.fi\/index.php?rest_route=\/wp\/v2\/pages\/420\/revisions\/836"}],"wp:attachment":[{"href":"http:\/\/www.jarvari.fi\/index.php?rest_route=%2Fwp%2Fv2%2Fmedia&parent=420"}],"curies":[{"name":"wp","href":"https:\/\/api.w.org\/{rel}","templated":true}]}}